{"id":315,"date":"2025-05-23T10:36:39","date_gmt":"2025-05-23T10:36:39","guid":{"rendered":"https:\/\/18kenglish.com\/?page_id=315"},"modified":"2026-05-06T00:02:32","modified_gmt":"2026-05-06T00:02:32","slug":"18k-summer-camp","status":"publish","type":"page","link":"https:\/\/18kenglish.com\/fr\/camp-dete-18k\/","title":{"rendered":"Camp d&#039;\u00e9t\u00e9 18K 2026"},"content":{"rendered":"<div class=\"wp-block-image\">\n<figure class=\"aligncenter size-large\"><img loading=\"lazy\" decoding=\"async\" width=\"1280\" height=\"720\" src=\"https:\/\/18kenglish.com\/wp-content\/uploads\/2025\/05\/18k-summer-camp-13.jpeg\" alt=\"La banni\u00e8re du camp d&#039;\u00e9t\u00e9 anglais 18K pr\u00e9sente un groupe diversifi\u00e9 d&#039;enfants participant \u00e0 diff\u00e9rentes activit\u00e9s\" class=\"wp-image-295\" srcset=\"https:\/\/18kenglish.com\/wp-content\/uploads\/2025\/05\/18k-summer-camp-13.jpeg 1280w, https:\/\/18kenglish.com\/wp-content\/uploads\/2025\/05\/18k-summer-camp-13-300x169.jpeg 300w, https:\/\/18kenglish.com\/wp-content\/uploads\/2025\/05\/18k-summer-camp-13-1024x576.jpeg 1024w, https:\/\/18kenglish.com\/wp-content\/uploads\/2025\/05\/18k-summer-camp-13-768x432.jpeg 768w, https:\/\/18kenglish.com\/wp-content\/uploads\/2025\/05\/18k-summer-camp-13-18x10.jpeg 18w, https:\/\/18kenglish.com\/wp-content\/uploads\/2025\/05\/18k-summer-camp-13-600x338.jpeg 600w\" sizes=\"auto, (max-width: 1280px) 100vw, 1280px\" \/><\/figure>\n<\/div>\n\n\n<p>En 2026, nous aurons 18 000 employ\u00e9s. <b>Colonie de vacances<\/b>, nous m\u00e9langeons <strong>exploration de carri\u00e8re<\/strong> avec <em>apprentissage des langues<\/em>C&#039;est un th\u00e8me amusant et interactif pour les enfants.<\/p>\n\n\n\n<p>Ce <strong>programme d&#039;\u00e9t\u00e9<\/strong> enseigne l&#039;art et la science de diff\u00e9rents m\u00e9tiers. Les enfants peuvent exp\u00e9rimenter par eux-m\u00eames. Nous nous concentrons \u00e9galement sur <em>apprentissage de l&#039;anglais<\/em> pour en faire une exp\u00e9rience compl\u00e8te.<\/p>\n\n\n\n<p>Nous souhaitons aider les enfants \u00e0 explorer et \u00e0 d\u00e9couvrir de nouvelles exp\u00e9riences et id\u00e9es. Nous vous promettons de rendre cet \u00e9t\u00e9 inoubliable\u00a0!<\/p>\n\n\n\n<h3 class=\"wp-block-heading\">Offres cl\u00e9s<\/h3>\n\n\n\n<ul class=\"wp-block-list\">\n<li>M\u00e9lange unique de <b>exploration de carri\u00e8re<\/b> et l&#039;apprentissage des langues<\/li>\n\n\n\n<li>Exp\u00e9riences pratiques et sujets nouveaux<\/li>\n\n\n\n<li>Programme d&#039;\u00e9t\u00e9 complet pour les enfants<\/li>\n\n\n\n<li>Environnement propice \u00e0 la cr\u00e9ativit\u00e9 et \u00e0 la curiosit\u00e9<\/li>\n\n\n\n<li>Activit\u00e9s interactives et engageantes<\/li>\n<\/ul>\n\n\n\n<h2 class=\"wp-block-heading\">D\u00e9couvrez le monde des carri\u00e8res au camp d&#039;\u00e9t\u00e9 18K<\/h2>\n\n\n\n<p>\u00c0 18 000 <b>Colonie de vacances<\/b>, nous m\u00e9langeons <strong>apprentissage d&#039;\u00e9t\u00e9<\/strong> avec <strong>exploration de carri\u00e8re<\/strong>Notre programme est plein de <strong>\u00e9ducation<\/strong> et <strong>activit\u00e9s amusantes<\/strong>Cela aide les jeunes esprits \u00e0 trouver leur potentiel.<\/p>\n\n\n\n<h3 class=\"wp-block-heading\">Combiner \u00e9ducation et plaisir<\/h3>\n\n\n\n<p>Nous pensons <strong>\u00e9ducation<\/strong> et <strong>amusant<\/strong> peuvent aller ensemble. Cela stimule l&#039;enthousiasme des \u00e9l\u00e8ves pour l&#039;apprentissage.<\/p>\n\n\n\n<p>Voici quelques points int\u00e9ressants concernant notre programme\u00a0:<\/p>\n\n\n\n<ol class=\"wp-block-list\">\n<li>Des projets cr\u00e9atifs qui stimulent l&#039;imagination<\/li>\n\n\n\n<li>Exercices de team-building qui encouragent le travail d&#039;\u00e9quipe<\/li>\n\n\n\n<li>Des excursions de quartier passionnantes qui rendent l&#039;apprentissage r\u00e9el<\/li>\n<\/ol>\n\n\n\n<h2 class=\"wp-block-heading\">Avantages de l&#039;exploration de carri\u00e8re pour les jeunes esprits<\/h2>\n\n\n\n<p>D\u00e9couvrir les r\u00f4les des diff\u00e9rentes carri\u00e8res est tr\u00e8s enrichissant pour les jeunes. Cela leur permet de comprendre le fonctionnement de diff\u00e9rents m\u00e9tiers. Mais surtout, cela leur permet d&#039;appr\u00e9cier les personnes qui exercent des m\u00e9tiers qui contribuent au bon fonctionnement de nos communaut\u00e9s. Apr\u00e8s avoir pr\u00e9sent\u00e9 chaque domaine professionnel, nous aborderons les comp\u00e9tences, les arts et les sciences que les personnes exer\u00e7ant ces m\u00e9tiers doivent ma\u00eetriser. Par exemple, apr\u00e8s avoir pr\u00e9sent\u00e9 un secouriste, comme un ambulancier, nous aborderons la r\u00e9animation cardio-pulmonaire (RCP), les premiers secours et les r\u00e8gles de s\u00e9curit\u00e9.&nbsp;<\/p>\n\n\n\n<figure class=\"wp-block-embed is-type-video is-provider-youtube wp-block-embed-youtube wp-embed-aspect-16-9 wp-has-aspect-ratio\"><div class=\"wp-block-embed__wrapper\">\n<iframe loading=\"lazy\" title=\"Premiers secours de base pour les enfants | Formation aux premiers secours\u00a0!\" width=\"720\" height=\"405\" src=\"https:\/\/www.youtube.com\/embed\/0JHNvpQ9JW8?feature=oembed\" frameborder=\"0\" allow=\"accelerometer; autoplay; clipboard-write; encrypted-media; gyroscope; picture-in-picture; web-share\" referrerpolicy=\"strict-origin-when-cross-origin\" allowfullscreen><\/iframe>\n<\/div><\/figure>\n\n\n\n<h3 class=\"wp-block-heading\">Renforcer la confiance gr\u00e2ce \u00e0 l&#039;apprentissage pratique<\/h3>\n\n\n\n<p><b>Apprentissage pratique<\/b> est essentiel pour d\u00e9velopper la confiance en soi des enfants. En participant \u00e0 des activit\u00e9s li\u00e9es \u00e0 diff\u00e9rents m\u00e9tiers, ils se sentent accomplis et s\u00fbrs d&#039;eux. <strong>Nos activit\u00e9s de camp sont interactives et stimulantes<\/strong>Ils poussent les enfants \u00e0 essayer de nouvelles choses.<\/p>\n\n\n\n<p>Gr\u00e2ce \u00e0 nos programmes, les enfants d\u00e9couvrent leurs forces et leurs faiblesses, ce qui les aide \u00e0 faire des choix judicieux pour leur future carri\u00e8re. <em>La confiance acquise gr\u00e2ce \u00e0 ces exp\u00e9riences peut durer toute une vie<\/em>L&#039;un des domaines de carri\u00e8re que nous privil\u00e9gions est la restauration et les chefs cuisiniers. Nous d\u00e9couvrirons \u00e9galement le m\u00e9tier de chef. Pour ajouter une touche ludique, nous pr\u00e9parerons nos propres collations savoureuses en classe, comme des biscuits ou du pain.&nbsp;<\/p>\n\n\n\n<figure class=\"wp-block-embed is-type-video is-provider-youtube wp-block-embed-youtube wp-embed-aspect-16-9 wp-has-aspect-ratio\"><div class=\"wp-block-embed__wrapper\">\n<iframe loading=\"lazy\" title=\"4 ingr\u00e9dients\u00a0! Pain sans p\u00e9trissage\u00a0! Ce pain maison est \u00e0 la port\u00e9e de tous\u00a0!\" width=\"720\" height=\"405\" src=\"https:\/\/www.youtube.com\/embed\/Vb1Am5uD3ss?feature=oembed\" frameborder=\"0\" allow=\"accelerometer; autoplay; clipboard-write; encrypted-media; gyroscope; picture-in-picture; web-share\" referrerpolicy=\"strict-origin-when-cross-origin\" allowfullscreen><\/iframe>\n<\/div><\/figure>\n\n\n\n<h2 class=\"wp-block-heading\">Explorer la biologie et les sciences de l&#039;environnement<\/h2>\n\n\n\n<p><b>Biologie<\/b> et <b>sciences de l&#039;environnement<\/b> prennent vie au camp d&#039;\u00e9t\u00e9 18K. Nous faisons des exp\u00e9riences et des explorations passionnantes. <b>programme d&#039;\u00e9tudes<\/b> nous aide \u00e0 comprendre le monde naturel et notre impact sur celui-ci.<\/p>\n\n\n\n<h3 class=\"wp-block-heading\">Comprendre le r\u00f4le des biologistes<\/h3>\n\n\n\n<p>Les biologistes jouent un r\u00f4le essentiel dans la compr\u00e9hension des \u00e9cosyst\u00e8mes. <strong>Ils \u00e9tudient la vie depuis les micro-organismes jusqu&#039;aux \u00e9cosyst\u00e8mes entiers<\/strong>Cela nous aide \u00e0 comprendre l\u2019importance de la conservation et de la durabilit\u00e9.<\/p>\n\n\n\n<h3 class=\"wp-block-heading\">Exploration des ruisseaux et d\u00e9couverte de micro-organismes<\/h3>\n\n\n\n<p>Les points forts de notre programme <b>exploration de ruisseaux<\/b> et la d\u00e9couverte de micro-organismes. <em>En collectant des \u00e9chantillons d&#039;eau et de sol<\/em>, nous en apprenons davantage sur la vie microbienne. Cela nous enseigne <b>biologie<\/b> et la n\u00e9cessit\u00e9 de prot\u00e9ger nos habitats.<\/p>\n\n\n\n<figure class=\"wp-block-embed is-type-video is-provider-youtube wp-block-embed-youtube wp-embed-aspect-16-9 wp-has-aspect-ratio\"><div class=\"wp-block-embed__wrapper\">\n<iframe loading=\"lazy\" title=\"COMMENT FABRIQUER UNE \u00c9COSPH\u00c8RE + QU&#039;Y A-T-IL \u00c0 L&#039;INT\u00c9RIEUR ?\" width=\"720\" height=\"405\" src=\"https:\/\/www.youtube.com\/embed\/_lwYutiFArQ?feature=oembed\" frameborder=\"0\" allow=\"accelerometer; autoplay; clipboard-write; encrypted-media; gyroscope; picture-in-picture; web-share\" referrerpolicy=\"strict-origin-when-cross-origin\" allowfullscreen><\/iframe>\n<\/div><\/figure>\n\n\n\n<h2 class=\"wp-block-heading\">H\u00e9ros de notre communaut\u00e9 : pompiers et policiers<\/h2>\n\n\n\n<p>Lors de notre camp d&#039;\u00e9t\u00e9 18K, nous rencontrons de vrais h\u00e9ros : <strong>pompiers et policiers<\/strong>Ils assurent notre s\u00e9curit\u00e9. Nous sommes ravis de partager leurs histoires.<\/p>\n\n\n\n<h3 class=\"wp-block-heading\">Visite de la caserne de pompiers locale<\/h3>\n\n\n\n<p>La visite de la caserne des pompiers locale est un moment fort. Nous voyons les camions de pr\u00e8s et d\u00e9couvrons leur mat\u00e9riel. <strong>pompiers<\/strong> utiliser.<\/p>\n\n\n\n<p>Nos campeurs adorent entendre parler de courage et de rapidit\u00e9 d&#039;esprit. <strong>h\u00e9ros de la communaut\u00e9<\/strong> sont vraiment inspirants.<\/p>\n\n\n\n<ul class=\"wp-block-list\">\n<li>En savoir plus sur la s\u00e9curit\u00e9 et la pr\u00e9vention des incendies<\/li>\n\n\n\n<li>Comprendre le r\u00f4le de <b>pompiers<\/b> dans les situations d&#039;urgence<\/li>\n\n\n\n<li>D\u00e9couvrez les \u00e9quipements et les v\u00e9hicules utilis\u00e9s par les services d&#039;incendie<\/li>\n<\/ul>\n\n\n\n<h3 class=\"wp-block-heading\">En savoir plus sur l&#039;application de la loi<\/h3>\n\n\n\n<p>Nous apprenons \u00e9galement sur <strong>forces de l&#039;ordre<\/strong> et <strong>policiers<\/strong>. <b>Les policiers<\/b> Ils partagent leurs exp\u00e9riences. Ils parlent des d\u00e9fis et de la s\u00e9curit\u00e9 de notre communaut\u00e9.<\/p>\n\n\n\n<p>En r\u00e9pondant \u00e0 ces <strong>h\u00e9ros de la communaut\u00e9<\/strong>Nos campeurs appr\u00e9cient davantage leur travail. Ils apprennent le travail d&#039;\u00e9quipe, le courage et le sens du service. Ces valeurs contribuent \u00e0 faire une diff\u00e9rence positive.<\/p>\n\n\n\n<h2 class=\"wp-block-heading\">Lib\u00e9rer la cr\u00e9ativit\u00e9 gr\u00e2ce aux carri\u00e8res artistiques<\/h2>\n\n\n\n<p>Dans notre camp d&#039;\u00e9t\u00e9 18K, nous explorons le monde de <b>carri\u00e8res artistiques<\/b>Nous regardons les chemins <b>artistes professionnels<\/b> prendre. Notre objectif est d&#039;inspirer les jeunes esprits \u00e0 d\u00e9couvrir leur potentiel artistique.<\/p>\n\n\n<div class=\"wp-block-image\">\n<figure class=\"aligncenter\"><img loading=\"lazy\" decoding=\"async\" width=\"1344\" height=\"768\" src=\"https:\/\/18kenglish.com\/wp-content\/uploads\/2025\/05\/art-careers.jpeg\" alt=\"Des \u00e9tudiants peignent sur des chevalets dans une pi\u00e8ce baign\u00e9e de soleil. \" class=\"wp-image-318\" title=\"carri\u00e8res artistiques\" srcset=\"https:\/\/18kenglish.com\/wp-content\/uploads\/2025\/05\/art-careers.jpeg 1344w, https:\/\/18kenglish.com\/wp-content\/uploads\/2025\/05\/art-careers-300x171.jpeg 300w, https:\/\/18kenglish.com\/wp-content\/uploads\/2025\/05\/art-careers-1024x585.jpeg 1024w, https:\/\/18kenglish.com\/wp-content\/uploads\/2025\/05\/art-careers-768x439.jpeg 768w, https:\/\/18kenglish.com\/wp-content\/uploads\/2025\/05\/art-careers-18x10.jpeg 18w, https:\/\/18kenglish.com\/wp-content\/uploads\/2025\/05\/art-careers-600x343.jpeg 600w\" sizes=\"auto, (max-width: 1344px) 100vw, 1344px\" \/><\/figure>\n<\/div>\n\n\n<h3 class=\"wp-block-heading\">La vie des artistes professionnels<\/h3>\n\n\n\n<p><b>Artistes professionnels<\/b> Ils sont essentiels au monde de l&#039;art. Ils apportent des id\u00e9es nouvelles et de la cr\u00e9ativit\u00e9 \u00e0 leur travail. Ils travaillent dans de nombreux domaines, comme la peinture, la sculpture, l&#039;art num\u00e9rique et la photographie.<\/p>\n\n\n\n<p>Nous en apprenons davantage sur leurs parcours, leurs d\u00e9fis et leurs victoires.<\/p>\n\n\n\n<h3 class=\"wp-block-heading\">Cr\u00e9er nos propres chefs-d&#039;\u0153uvre<\/h3>\n\n\n\n<p>Nous pensons que l&#039;art est un excellent moyen de s&#039;exprimer. Dans notre camp, chacun peut cr\u00e9er sa propre \u0153uvre en utilisant de nombreux supports diff\u00e9rents.<\/p>\n\n\n\n<p>Cette exp\u00e9rience pratique leur montre comment <b>artistes professionnels<\/b> travail.<\/p>\n\n\n\n<h4 class=\"wp-block-heading\">Explorer diff\u00e9rents m\u00e9diums artistiques<\/h4>\n\n\n\n<p>Essayer diff\u00e9rents supports artistiques est amusant et cr\u00e9atif. Nous jouons avec des mat\u00e9riaux comme des perles, de la peinture et des toiles. Cela permet aux campeurs de trouver ce qu&#039;ils aiment et ce dans quoi ils excellent.<\/p>\n\n\n\n<p>Il booste <em>cr\u00e9ativit\u00e9<\/em> et l&#039;expression de soi.<\/p>\n\n\n\n<p>Quelques <b>activit\u00e9s amusantes<\/b> inclure:<\/p>\n\n\n\n<ul class=\"wp-block-list\">\n<li>Apprendre les techniques de peinture<\/li>\n\n\n\n<li>R\u00e9aliser des sculptures avec de l&#039;argile et d&#039;autres mat\u00e9riaux<\/li>\n\n\n\n<li>Conception de bijoux en perles et autres objets artisanaux<\/li>\n<\/ul>\n\n\n\n<p>Ces activit\u00e9s aident les campeurs \u00e0 en apprendre davantage sur <b>carri\u00e8res artistiques<\/b>Ils am\u00e9liorent \u00e9galement leur <strong>comp\u00e9tences cr\u00e9atives<\/strong>Cette exp\u00e9rience est tr\u00e8s enrichissante. Elle les aide \u00e0 penser diff\u00e9remment et \u00e0 trouver de nouvelles fa\u00e7ons de s&#039;exprimer.<\/p>\n\n\n\n<p><strong>Les principaux avantages comprennent\u00a0:<\/strong><\/p>\n\n\n\n<ul class=\"wp-block-list\">\n<li>Am\u00e9lioration des comp\u00e9tences linguistiques gr\u00e2ce \u00e0 une application pratique.<\/li>\n\n\n\n<li>Sensibilisation et exploration accrues aux carri\u00e8res.<\/li>\n\n\n\n<li>D\u00e9veloppement de <b>pens\u00e9e critique<\/b> et des comp\u00e9tences en r\u00e9solution de probl\u00e8mes.<\/li>\n<\/ul>\n\n\n\n<p>Voici quelques-uns des sujets et id\u00e9es que nous aborderons tout au long de notre programme d&#039;\u00e9t\u00e9. Contactez-nous d\u00e8s aujourd&#039;hui pour vous inscrire ou pour toute question concernant le 18K\u00a0! Appelez-nous au <strong>02 2874 3003<\/strong> ou <a href=\"https:\/\/18kenglish.com\/fr\/contact\/\">envoyez-nous un e-mail <\/a><\/p>\n\n\n\n<h2 class=\"wp-block-heading\">Conclusion : Rejoignez-nous pour un \u00e9t\u00e9 de d\u00e9couverte et d&#039;apprentissage<\/h2>\n\n\n\n<p>Le camp d&#039;\u00e9t\u00e9 18K est un lieu privil\u00e9gi\u00e9 pour les enfants. Ils peuvent s&#039;essayer \u00e0 diff\u00e9rents m\u00e9tiers et apprendre l&#039;anglais. L&#039;objectif est d&#039;encourager l&#039;apprentissage, la cr\u00e9ativit\u00e9 et la r\u00e9flexion approfondie.<\/p>\n\n\n\n<p>Pr\u00eat pour un \u00e9t\u00e9 plein de plaisir et d\u2019apprentissage ? <a href=\"https:\/\/18kenglish.com\/fr\/contact\/\">Inscrivez votre enfant aujourd&#039;hui<\/a>Regardez-les grandir et s&#039;\u00e9panouir dans un endroit amusant et passionnant.<\/p>\n\n\n\n<section class=\"schema-section\">\n<h2>FAQ<\/h2>\n<div>\n<h3>Qu&#039;est-ce que le programme du camp d&#039;\u00e9t\u00e9 18K ?<\/h3>\n<div>\n<div>\n<p>Le camp d&#039;\u00e9t\u00e9 18K est un programme d&#039;\u00e9t\u00e9 sp\u00e9cial. Il explore un th\u00e8me diff\u00e9rent chaque ann\u00e9e. Cette ann\u00e9e, le th\u00e8me est\u00a0: \u00ab\u00a0La science et l&#039;art des carri\u00e8res\u00a0\u00bb.<\/p>\n<\/div>\n<\/div>\n<\/div>\n<div>\n<h3>Comment le camp d&#039;\u00e9t\u00e9 18K allie-t-il \u00e9ducation et plaisir ?<\/h3>\n<div>\n<div>\n<p>Nous allions apprentissage et divertissement gr\u00e2ce \u00e0 des activit\u00e9s pratiques. Les enfants peuvent s&#039;essayer \u00e0 la lecture et \u00e0 l&#039;\u00e9criture traditionnelles, ainsi qu&#039;\u00e0 des exp\u00e9riences pratiques interactives. Nous apprenons de mani\u00e8re ludique.<\/p>\n<\/div>\n<\/div>\n<\/div>\n<div>\n<h3>Quels sont les avantages de l\u2019exploration de carri\u00e8re pour les jeunes esprits ?<\/h3>\n<div>\n<div>\n<p>Explorer les carri\u00e8res aide les enfants \u00e0 d\u00e9velopper leur confiance en eux et leur esprit critique. Cela les aide \u00e9galement \u00e0 mieux comprendre le fonctionnement de leur communaut\u00e9.<\/p>\n<\/div>\n<\/div>\n<\/div>\n<div>\n<h3>\u00c0 quel type d\u2019activit\u00e9s mon enfant peut-il s\u2019attendre au camp d\u2019\u00e9t\u00e9 18K ?<\/h3>\n<div>\n<div>\n<p>Les enfants profiteront de nombreuses activit\u00e9s. Ils pourront s&#039;essayer \u00e0 la cuisine, pr\u00e9lever des \u00e9chantillons dans un ruisseau et un champ pour observer la vie qui nous entoure, visiter la caserne des pompiers, faire des activit\u00e9s artistiques, et bien plus encore. Ils d\u00e9couvriront \u00e9galement la m\u00e9decine.<\/p>\n<\/div>\n<\/div>\n<\/div>\n<div>\n<h3>Comment le camp d\u2019\u00e9t\u00e9 18K soutient-il le d\u00e9veloppement linguistique ?<\/h3>\n<div>\n<div>\n<p>Notre programme aide les enfants \u00e0 apprendre l&#039;anglais gr\u00e2ce \u00e0 des exp\u00e9riences concr\u00e8tes. Ils pratiqueront leurs comp\u00e9tences linguistiques tout en explorant.<\/p>\n<\/div>\n<\/div>\n<\/div>\n<div>\n<h3>Quel est l&#039;horaire quotidien du camp d&#039;\u00e9t\u00e9 18K ?<\/h3>\n<div>\n<div>\n<p>Notre <b>daily schedule<\/b> The program runs from 9:00 &#8211; 11:30 Monday to Friday throughout the summer break. Standard English Classes will also be offered throughout the day for those who&#8217;d like more classes. Our summer classes are packed with <b>activit\u00e9s amusantes<\/b>. Kids will read, discuss, and learn through hands-on experiences. It keeps them engaged and motivated.<\/p>\n<\/div>\n<\/div>\n<\/div>\n<div>\n<h3>Les instructeurs du camp d&#039;\u00e9t\u00e9 18K sont-ils qualifi\u00e9s ?<\/h3>\n<div>\n<div>\n<p>Oui, nos professeurs sont exp\u00e9riment\u00e9s et qualifi\u00e9s. Ils offrent un encadrement et un soutien de qualit\u00e9 \u00e0 nos \u00e9tudiants.<\/p>\n<\/div>\n<\/div>\n<\/div>\n<div>\n<h3>Puis-je inscrire mon enfant au programme du camp d&#039;\u00e9t\u00e9 18K ?<\/h3>\n<div>\n<div>\n<p>Oui, nous invitons les parents \u00e0 inscrire leurs enfants. Notre programme offre une exp\u00e9rience unique et enrichissante aux jeunes esprits.<\/p>\n<\/div>\n<\/div>\n<\/div>\n<div>\n<h3>Comment puis-je m&#039;inscrire au camp d&#039;\u00e9t\u00e9 18K ?<\/h3>\n<div>\n<div>\n<p>Pour vous inscrire, contactez-nous via notre formulaire en ligne ou appelez-nous au 02-2874-3003. Nous vous aiderons \u00e0 r\u00e9server une place pour votre enfant.<\/p>\n<\/div>\n<\/div>\n<\/div>\n<\/section>","protected":false},"excerpt":{"rendered":"<p>At our 2026, 18K Summer Camp, we mix career exploration with language learning. It&#8217;s a fun and interactive theme for kids. This summer program teaches the art and science of different jobs. Kids get to try things out for themselves. We also focus on English language learning to make it a full experience. We want&#8230;<\/p>","protected":false},"author":1,"featured_media":295,"parent":0,"menu_order":0,"comment_status":"closed","ping_status":"closed","template":"","meta":{"_kad_blocks_custom_css":"","_kad_blocks_head_custom_js":"","_kad_blocks_body_custom_js":"","_kad_blocks_footer_custom_js":"","_kadence_starter_templates_imported_post":false,"_kad_post_transparent":"","_kad_post_title":"show","_kad_post_layout":"","_kad_post_sidebar_id":"","_kad_post_content_style":"","_kad_post_vertical_padding":"","_kad_post_feature":"","_kad_post_feature_position":"","_kad_post_header":false,"_kad_post_footer":false,"_kad_post_classname":"","footnotes":""},"class_list":["post-315","page","type-page","status-publish","has-post-thumbnail","hentry"],"taxonomy_info":[],"featured_image_src_large":["https:\/\/18kenglish.com\/wp-content\/uploads\/2025\/05\/18k-summer-camp-13-1024x576.jpeg",1024,576,true],"author_info":{"display_name":"admin","author_link":"https:\/\/18kenglish.com\/fr\/author\/admin\/"},"comment_info":0,"_links":{"self":[{"href":"https:\/\/18kenglish.com\/fr\/wp-json\/wp\/v2\/pages\/315","targetHints":{"allow":["GET"]}}],"collection":[{"href":"https:\/\/18kenglish.com\/fr\/wp-json\/wp\/v2\/pages"}],"about":[{"href":"https:\/\/18kenglish.com\/fr\/wp-json\/wp\/v2\/types\/page"}],"author":[{"embeddable":true,"href":"https:\/\/18kenglish.com\/fr\/wp-json\/wp\/v2\/users\/1"}],"replies":[{"embeddable":true,"href":"https:\/\/18kenglish.com\/fr\/wp-json\/wp\/v2\/comments?post=315"}],"version-history":[{"count":2,"href":"https:\/\/18kenglish.com\/fr\/wp-json\/wp\/v2\/pages\/315\/revisions"}],"predecessor-version":[{"id":3946,"href":"https:\/\/18kenglish.com\/fr\/wp-json\/wp\/v2\/pages\/315\/revisions\/3946"}],"wp:featuredmedia":[{"embeddable":true,"href":"https:\/\/18kenglish.com\/fr\/wp-json\/wp\/v2\/media\/295"}],"wp:attachment":[{"href":"https:\/\/18kenglish.com\/fr\/wp-json\/wp\/v2\/media?parent=315"}],"curies":[{"name":"wp","href":"https:\/\/api.w.org\/{rel}","templated":true}]}}