{"id":344,"date":"2025-05-27T14:28:24","date_gmt":"2025-05-27T14:28:24","guid":{"rendered":"https:\/\/18kenglish.com\/?page_id=344"},"modified":"2026-03-06T07:25:32","modified_gmt":"2026-03-06T07:25:32","slug":"learning","status":"publish","type":"page","link":"https:\/\/18kenglish.com\/fr\/apprentissage\/","title":{"rendered":"Feuilles de travail et ressources d&#039;apprentissage gratuites en anglais | \u514d\u8cbb\u82f1\u8a9e\u5b78\u7fd2\u8cc7\u6e90"},"content":{"rendered":"<div style=\"background:#E8EAF6;border-radius:12px;padding:25px;margin:20px 0 30px;text-align:center;\">\n<h2>\ud83c\udfae Jeux interactifs | \u4e92\u52d5\u904a\u6232<\/h2>\n<p>Am\u00e9liorez votre anglais gr\u00e2ce \u00e0 des jeux interactifs amusants !<br \/>\u900f\u904e\u6709\u8da3\u7684\u4e92\u52d5\u904a\u6232\u7df4\u7fd2\u82f1\u8a9e\uff01<\/p>\n<div style=\"margin-top:15px;\"><a href=\"https:\/\/18kenglish.com\/fr\/jeux\/\" style=\"display:inline-block;background:#FF6D00;color:white;padding:12px 30px;border-radius:8px;text-decoration:none;font-weight:bold;font-size:16px;\">\ud83c\udfc6 Jouez \u00e0 ESL Jeopardy et plus | \u73a9\u904a\u6232 \u2192<\/a><\/div>\n<\/div>\n<h2 style=\"text-align:center;color:#1e3a5f;\">\ud83d\udcda Choisissez votre niveau | \u9078\u64c7\u7a0b\u5ea6<\/h2>\n<p style=\"text-align:center;color:#666;margin-bottom:30px;\">S\u00e9lectionnez votre niveau d&#039;apprentissage pour consulter les feuilles de travail.<br \/>\u9078\u64c7\u9069\u5408\u4f60\u7684\u7a0b\u5ea6<\/p>\n<div class=\"wp-block-columns\" style=\"margin:30px 0;\">\n<div class=\"wp-block-column\" style=\"text-align:center;\">\n<a href=\"https:\/\/18kenglish.com\/fr\/jeunes-apprenants-5-10\/\" style=\"text-decoration:none;display:block;\"><\/p>\n<div style=\"background:#E8F5E9;border-radius:12px;padding:30px 20px;\">\n<p style=\"font-size:56px;margin:0;\">\ud83c\udf31<\/p>\n<h3 style=\"color:#2E7D32;margin:15px 0 5px 0;\">Jeunes apprenants<\/h3>\n<p style=\"color:#2E7D32;margin:0;\">\u521d\u7d1a<\/p>\n<p style=\"color:#555;margin-top:15px;font-size:14px;\">5 \u00e0 10 ans<\/p>\n<\/div>\n<p><\/a>\n<\/div>\n<div class=\"wp-block-column\" style=\"text-align:center;\">\n<a href=\"https:\/\/18kenglish.com\/fr\/intermediaire-11-15\/\" style=\"text-decoration:none;display:block;\"><\/p>\n<div style=\"background:#E3F2FD;border-radius:12px;padding:30px 20px;\">\n<p style=\"font-size:56px;margin:0;\">\ud83d\udcd6<\/p>\n<h3 style=\"color:#1565C0;margin:15px 0 5px 0;\">Interm\u00e9diaire<\/h3>\n<p style=\"color:#1565C0;margin:0;\">\u4e2d\u7d1a<\/p>\n<p style=\"color:#555;margin-top:15px;font-size:14px;\">\u00c2ges 11-15<\/p>\n<\/div>\n<p><\/a>\n<\/div>\n<div class=\"wp-block-column\" style=\"text-align:center;\">\n<a href=\"https:\/\/18kenglish.com\/fr\/apprenants-avances\/\" style=\"text-decoration:none;display:block;\"><\/p>\n<div style=\"background:#FFF3E0;border-radius:12px;padding:30px 20px;\">\n<p style=\"font-size:56px;margin:0;\">\ud83c\udf93<\/p>\n<h3 style=\"color:#E65100;margin:15px 0 5px 0;\">Avanc\u00e9<\/h3>\n<p style=\"color:#E65100;margin:0;\">\u9ad8\u7d1a<\/p>\n<p style=\"color:#555;margin-top:15px;font-size:14px;\">15 ans et plus<\/p>\n<\/div>\n<p><\/a>\n<\/div>\n<\/div>","protected":false},"excerpt":{"rendered":"<p>&#x1f3ae; Interactive Games | \u4e92\u52d5\u904a\u6232 Practice English through fun interactive games!\u900f\u904e\u6709\u8da3\u7684\u4e92\u52d5\u904a\u6232\u7df4\u7fd2\u82f1\u8a9e\uff01 &#x1f3c6; Play ESL Jeopardy &amp; More | \u73a9\u904a\u6232 \u2192 &#x1f4da; Choose Your Level | \u9078\u64c7\u7a0b\u5ea6 Select your learning level to view worksheets\u9078\u64c7\u9069\u5408\u4f60\u7684\u7a0b\u5ea6 &#x1f331; Young Learners \u521d\u7d1a Ages 5-10 &#x1f4d6; Intermediate \u4e2d\u7d1a Ages 11-15 &#x1f393; Advanced \u9ad8\u7d1a Ages 15+<\/p>","protected":false},"author":1,"featured_media":0,"parent":0,"menu_order":0,"comment_status":"closed","ping_status":"closed","template":"","meta":{"_kad_blocks_custom_css":"","_kad_blocks_head_custom_js":"","_kad_blocks_body_custom_js":"","_kad_blocks_footer_custom_js":"","_kadence_starter_templates_imported_post":false,"_kad_post_transparent":"","_kad_post_title":"show","_kad_post_layout":"","_kad_post_sidebar_id":"","_kad_post_content_style":"","_kad_post_vertical_padding":"hide","_kad_post_feature":"","_kad_post_feature_position":"","_kad_post_header":false,"_kad_post_footer":false,"_kad_post_classname":"","footnotes":""},"class_list":["post-344","page","type-page","status-publish","hentry"],"taxonomy_info":[],"featured_image_src_large":false,"author_info":{"display_name":"admin","author_link":"https:\/\/18kenglish.com\/fr\/author\/admin\/"},"comment_info":0,"_links":{"self":[{"href":"https:\/\/18kenglish.com\/fr\/wp-json\/wp\/v2\/pages\/344","targetHints":{"allow":["GET"]}}],"collection":[{"href":"https:\/\/18kenglish.com\/fr\/wp-json\/wp\/v2\/pages"}],"about":[{"href":"https:\/\/18kenglish.com\/fr\/wp-json\/wp\/v2\/types\/page"}],"author":[{"embeddable":true,"href":"https:\/\/18kenglish.com\/fr\/wp-json\/wp\/v2\/users\/1"}],"replies":[{"embeddable":true,"href":"https:\/\/18kenglish.com\/fr\/wp-json\/wp\/v2\/comments?post=344"}],"version-history":[{"count":20,"href":"https:\/\/18kenglish.com\/fr\/wp-json\/wp\/v2\/pages\/344\/revisions"}],"predecessor-version":[{"id":2188,"href":"https:\/\/18kenglish.com\/fr\/wp-json\/wp\/v2\/pages\/344\/revisions\/2188"}],"wp:attachment":[{"href":"https:\/\/18kenglish.com\/fr\/wp-json\/wp\/v2\/media?parent=344"}],"curies":[{"name":"wp","href":"https:\/\/api.w.org\/{rel}","templated":true}]}}