{"id":364,"date":"2025-05-27T15:08:50","date_gmt":"2025-05-27T15:08:50","guid":{"rendered":"https:\/\/18kenglish.com\/?page_id=364"},"modified":"2026-03-10T10:34:22","modified_gmt":"2026-03-10T10:34:22","slug":"reading","status":"publish","type":"page","link":"https:\/\/18kenglish.com\/fr\/en-lisant\/","title":{"rendered":"Pratique de la lecture en anglais par niveau scolaire | \u5206\u7d1a\u82f1\u8a9e\u95b1\u8b80"},"content":{"rendered":"<p>Bienvenue sur le <strong>Biblioth\u00e8que de lecture anglaise 18K<\/strong> (\u95b1\u8b80\u5716\u66f8\u9928)! Chaque th\u00e8me comprend des passages de lecture gradu\u00e9s avec du vocabulaire, des questions de compr\u00e9hension et des amorces de discussion pour les apprenants d&#039;anglais langue seconde.<\/p>\n\n\n\n<p>\ud83d\udcd7 <strong>\u00c9l\u00e9mentaire<\/strong> (\u521d\u7d1a) ~185-220 mots | \ud83d\udcd8 <strong>Avanc\u00e9<\/strong> (\u9032\u968e) 356 mots<\/p>\n\n\n\n<hr class=\"wp-block-separator\"\/>\n\n\n\n<h2 class=\"wp-block-heading\">\ud83c\udf0d Sujets du monde et de la science (\u4e16\u754c\u8207\u79d1\u5b78)<\/h2>\n\n\n\n<h3 class=\"wp-block-heading\">\ud83e\udd88 Requins (\u9bca\u9b5a)<\/h3>\n\n\n\n<p>Plongez dans le monde des requins, ces pr\u00e9dateurs marins ancestraux qui sillonnent les oc\u00e9ans depuis plus de 400 millions d&#039;ann\u00e9es. D\u00e9couvrez leurs sens exceptionnels, leur squelette cartilagineux et leur r\u00f4le essentiel dans la sant\u00e9 des \u00e9cosyst\u00e8mes marins.<\/p>\n\n\n\n<p><strong>Niveaux disponibles\u00a0:<\/strong> \ud83d\udcd7 Primaire | \ud83d\udcd8 Avanc\u00e9 \u2014 <a href=\"https:\/\/18kenglish.com\/fr\/apprentissage\/\">T\u00e9l\u00e9charger les feuilles de travail \u2192<\/a><\/p>\n\n\n\n<h3 class=\"wp-block-heading\">\ud83c\udf0b Volcans (\u706b\u5c71)<\/h3>\n\n\n\n<p>Explorez les forces puissantes qui se cachent sous la surface de la Terre. De la Ceinture de Feu aux \u00e9ruptions c\u00e9l\u00e8bres, d\u00e9couvrez comment se forment les volcans, pourquoi ils entrent en \u00e9ruption et comment ils fa\u00e7onnent les paysages du monde entier.<\/p>\n\n\n\n<p><strong>Niveaux disponibles\u00a0:<\/strong> \ud83d\udcd7 Primaire | \ud83d\udcd8 Avanc\u00e9 \u2014 <a href=\"https:\/\/18kenglish.com\/fr\/apprentissage\/\">T\u00e9l\u00e9charger les feuilles de travail \u2192<\/a><\/p>\n\n\n\n<h3 class=\"wp-block-heading\">\ud83d\udc2c Dauphins (\u6d77\u8c5a)<\/h3>\n\n\n\n<p>D\u00e9couvrez les mammif\u00e8res les plus intelligents des oc\u00e9ans. Apprenez-en davantage sur la communication des dauphins, leurs structures sociales complexes et les capacit\u00e9s \u00e9tonnantes qui font d&#039;eux l&#039;une des cr\u00e9atures les plus fascinantes de la mer.<\/p>\n\n\n\n<p><strong>Niveaux disponibles\u00a0:<\/strong> \ud83d\udcd7 Primaire | \ud83d\udcd8 Avanc\u00e9 \u2014 <a href=\"https:\/\/18kenglish.com\/fr\/apprentissage\/\">T\u00e9l\u00e9charger les feuilles de travail \u2192<\/a><\/p>\n\n\n\n<h3 class=\"wp-block-heading\">\ud83e\udd95 Dinosaures (\u6050\u9f8d)<\/h3>\n\n\n\n<p>Remontez le temps de millions d&#039;ann\u00e9es, \u00e0 l&#039;\u00e9poque o\u00f9 les dinosaures r\u00e9gnaient sur Terre. Explorez les diff\u00e9rentes esp\u00e8ces, leur mode de vie et le myst\u00e8re de leur extinction que les scientifiques s&#039;efforcent encore d&#039;\u00e9lucider aujourd&#039;hui.<\/p>\n\n\n\n<p><strong>Niveaux disponibles\u00a0:<\/strong> \ud83d\udcd7 Primaire | \ud83d\udcd8 Avanc\u00e9 \u2014 <a href=\"https:\/\/18kenglish.com\/fr\/apprentissage\/\">T\u00e9l\u00e9charger les feuilles de travail \u2192<\/a><\/p>\n\n\n\n<h3 class=\"wp-block-heading\">\ud83d\udc3c Pandas g\u00e9ants (\u5927\u718a\u8c93)<\/h3>\n\n\n\n<p>D\u00e9couvrez le tr\u00e9sor national chinois par excellence. Apprenez-en davantage sur l\u2019habitat du panda, son r\u00e9gime alimentaire unique \u00e0 base de bambou, les efforts de conservation d\u00e9ploy\u00e9s et pourquoi ce doux g\u00e9ant demeure l\u2019une des esp\u00e8ces les plus menac\u00e9es au monde.<\/p>\n\n\n\n<p><strong>Niveaux disponibles\u00a0:<\/strong> \ud83d\udcd7 Primaire | \ud83d\udcd8 Avanc\u00e9 \u2014 <a href=\"https:\/\/18kenglish.com\/fr\/apprentissage\/\">T\u00e9l\u00e9charger les feuilles de travail \u2192<\/a><\/p>\n\n\n\n<h3 class=\"wp-block-heading\">\ud83d\udc0c Escargots g\u00e9ants africains (\u975e\u6d32\u5927\u8778\u725b)<\/h3>\n\n\n\n<p>L&#039;un des plus grands escargots terrestres au monde, et l&#039;un des plus envahissants. D\u00e9couvrez ces cr\u00e9atures surprenantes, leur impact sur les \u00e9cosyst\u00e8mes et pourquoi elles sont \u00e0 la fois fascinantes et destructrices.<\/p>\n\n\n\n<p><strong>Niveaux disponibles\u00a0:<\/strong> \ud83d\udcd7 Primaire | \ud83d\udcd8 Avanc\u00e9 \u2014 <a href=\"https:\/\/18kenglish.com\/fr\/apprentissage\/\">T\u00e9l\u00e9charger les feuilles de travail \u2192<\/a><\/p>\n\n\n\n<h3 class=\"wp-block-heading\">\ud83d\ude80 Exploration spatiale (\u592a\u7a7a\u63a2\u7d22)<\/h3>\n\n\n\n<p>De l&#039;alunissage aux rovers martiens, retracez la plus grande aventure de l&#039;humanit\u00e9 au-del\u00e0 de la Terre. Explorez les technologies, le courage et les d\u00e9couvertes qui repoussent sans cesse les limites de l&#039;exploration spatiale.<\/p>\n\n\n\n<p><strong>Niveaux disponibles\u00a0:<\/strong> \ud83d\udcd7 Primaire | \ud83d\udcd8 Avanc\u00e9 \u2014 <a href=\"https:\/\/18kenglish.com\/fr\/apprentissage\/\">T\u00e9l\u00e9charger les feuilles de travail \u2192<\/a><\/p>\n\n\n\n<h3 class=\"wp-block-heading\">\ud83c\udfdb\ufe0f Egypte ancienne (\u53e4\u57c3\u53ca)<\/h3>\n\n\n\n<p>Plongez au c\u0153ur du monde des pharaons, des pyramides et des hi\u00e9roglyphes. D\u00e9couvrez la civilisation qui a b\u00e2ti des monuments encore debout apr\u00e8s des mill\u00e9naires et invent\u00e9 l&#039;\u00e9criture, la m\u00e9decine et l&#039;ing\u00e9nierie.<\/p>\n\n\n\n<p><strong>Niveaux disponibles\u00a0:<\/strong> \ud83d\udcd7 Primaire | \ud83d\udcd8 Avanc\u00e9 \u2014 <a href=\"https:\/\/18kenglish.com\/fr\/apprentissage\/\">T\u00e9l\u00e9charger les feuilles de travail \u2192<\/a><\/p>\n\n\n\n<h3 class=\"wp-block-heading\">\ud83d\udc83 Pourquoi les gens dansent (\u4eba\u5011\u70ba\u4ec0\u9ebc\u8df3\u821e)<\/h3>\n\n\n\n<p>Des rituels tribaux au hip-hop moderne, d\u00e9couvrez pourquoi les humains ont toujours dans\u00e9. Apprenez-en davantage sur la danse \u00e0 travers les cultures, ses bienfaits pour la sant\u00e9 et comment le mouvement unit les peuples par-del\u00e0 le temps et l&#039;espace.<\/p>\n\n\n\n<p><strong>Niveaux disponibles\u00a0:<\/strong> \ud83d\udcd7 Primaire | \ud83d\udcd8 Avanc\u00e9 \u2014 <a href=\"https:\/\/18kenglish.com\/fr\/apprentissage\/\">T\u00e9l\u00e9charger les feuilles de travail \u2192<\/a><\/p>\n\n\n\n<h3 class=\"wp-block-heading\">\ud83e\udd16 Robots liquides (\u6db2\u614b\u6a5f\u5668\u4eba)<\/h3>\n\n\n\n<p>Des Terminators grandeur nature\u00a0? Des scientifiques ont cr\u00e9\u00e9 des robots capables de passer de l\u2019\u00e9tat solide \u00e0 l\u2019\u00e9tat liquide et inversement. D\u00e9couvrez cette technologie de pointe et ses implications potentielles pour la m\u00e9decine et l\u2019ing\u00e9nierie.<\/p>\n\n\n\n<p><strong>Niveaux disponibles\u00a0:<\/strong> \ud83d\udcd7 Primaire | \ud83d\udcd8 Avanc\u00e9 \u2014 <a href=\"https:\/\/18kenglish.com\/fr\/apprentissage\/\">T\u00e9l\u00e9charger les feuilles de travail \u2192<\/a><\/p>\n\n\n\n<h3 class=\"wp-block-heading\">\ud83c\udf31 Agriculture biologique (\u6709\u6a5f\u8fb2\u696d)<\/h3>\n\n\n\n<p>Du champ \u00e0 l&#039;assiette, sans produits chimiques. D\u00e9couvrez le mouvement croissant de l&#039;agriculture biologique, les raisons pour lesquelles les agriculteurs optent pour des m\u00e9thodes durables et comment l&#039;agriculture biologique transforme notre rapport \u00e0 l&#039;alimentation.<\/p>\n\n\n\n<p><strong>Niveaux disponibles\u00a0:<\/strong> \ud83d\udcd7 Primaire | \ud83d\udcd8 Avanc\u00e9 \u2014 <a href=\"https:\/\/18kenglish.com\/fr\/apprentissage\/\">T\u00e9l\u00e9charger les feuilles de travail \u2192<\/a><\/p>\n\n\n\n<hr class=\"wp-block-separator\"\/>\n\n\n\n<h2 class=\"wp-block-heading\">\ud83c\uddf9\ud83c\uddfc Culture et vie de Taiwan (\u53f0\u7063\u6587\u5316\u8207\u751f\u6d3b)<\/h2>\n\n\n\n<h3 class=\"wp-block-heading\">\ud83e\uddcb Th\u00e9 aux Bulles (\u73cd\u73e0\u5976\u8336)<\/h3>\n\n\n\n<p>La boisson qui a conquis le monde\u00a0\u2014 n\u00e9e \u00e0 Ta\u00efwan. D\u00e9couvrez les origines du bubble tea, la fabrication de ces perles de tapioca moelleuses et comment une simple invention de salon de th\u00e9 est devenue un ph\u00e9nom\u00e8ne mondial.<\/p>\n\n\n\n<p><strong>Niveaux disponibles\u00a0:<\/strong> \ud83d\udcd7 Primaire | \ud83d\udcd8 Avanc\u00e9 \u2014 <a href=\"https:\/\/18kenglish.com\/fr\/apprentissage\/\">T\u00e9l\u00e9charger les feuilles de travail \u2192<\/a><\/p>\n\n\n\n<h3 class=\"wp-block-heading\">\ud83c\udfee March\u00e9s nocturnes (\u591c\u5e02)<\/h3>\n\n\n\n<p>D\u00e9couvrez la tradition culturelle la plus embl\u00e9matique de Ta\u00efwan. Explorez les images, les sons et les saveurs des march\u00e9s nocturnes \u2014 du tofu puant aux jeux de f\u00eate foraine \u2014 et comprenez pourquoi ils sont au c\u0153ur de la vie sociale ta\u00efwanaise.<\/p>\n\n\n\n<p><strong>Niveaux disponibles\u00a0:<\/strong> \ud83d\udcd7 Primaire | \ud83d\udcd8 Avanc\u00e9 \u2014 <a href=\"https:\/\/18kenglish.com\/fr\/apprentissage\/\">T\u00e9l\u00e9charger les feuilles de travail \u2192<\/a><\/p>\n\n\n\n<h3 class=\"wp-block-heading\">\ud83e\uded5 Tofu puant (\u81ed\u8c46\u8150)<\/h3>\n\n\n\n<p>Qu&#039;on l&#039;aime ou qu&#039;on le d\u00e9teste, le tofu puant est le plat de rue le plus controvers\u00e9 de Ta\u00efwan. D\u00e9couvrez comment ce mets ferment\u00e9 est fabriqu\u00e9, son histoire surprenante et pourquoi des millions de personnes raffolent de sa saveur prononc\u00e9e.<\/p>\n\n\n\n<p><strong>Niveaux disponibles\u00a0:<\/strong> \ud83d\udcd7 Primaire | \ud83d\udcd8 Avanc\u00e9 \u2014 <a href=\"https:\/\/18kenglish.com\/fr\/apprentissage\/\">T\u00e9l\u00e9charger les feuilles de travail \u2192<\/a><\/p>\n\n\n\n<h3 class=\"wp-block-heading\">\ud83c\udfd9\ufe0fTaipei 101 (\u53f0\u5317101)<\/h3>\n\n\n\n<p>La tour Taipei 101, qui fut jadis le plus haut b\u00e2timent du monde, demeure un chef-d&#039;\u0153uvre d&#039;ing\u00e9nierie. D\u00e9couvrez son design inspir\u00e9 du bambou, son imposant syst\u00e8me d&#039;amortissement des vents et pourquoi elle est un symbole de la modernit\u00e9 ta\u00efwanaise.<\/p>\n\n\n\n<p><strong>Niveaux disponibles\u00a0:<\/strong> \ud83d\udcd7 Primaire | \ud83d\udcd8 Avanc\u00e9 \u2014 <a href=\"https:\/\/18kenglish.com\/fr\/apprentissage\/\">T\u00e9l\u00e9charger les feuilles de travail \u2192<\/a><\/p>\n\n\n\n<h3 class=\"wp-block-heading\">\ud83d\ude84 Train \u00e0 grande vitesse de Ta\u00efwan (\u53f0\u7063\u9ad8\u9435)<\/h3>\n\n\n\n<p>Parcourez Ta\u00efwan du nord au sud en 90 minutes. D\u00e9couvrez le syst\u00e8me de train \u00e0 grande vitesse qui a transform\u00e9 les transports sur l&#039;\u00eele, sa technologie de train \u00e0 grande vitesse japonaise et comment il relie les villes \u00e0 300 km\/h.<\/p>\n\n\n\n<p><strong>Niveaux disponibles\u00a0:<\/strong> \ud83d\udcd7 Primaire | \ud83d\udcd8 Avanc\u00e9 \u2014 <a href=\"https:\/\/18kenglish.com\/fr\/apprentissage\/\">T\u00e9l\u00e9charger les feuilles de travail \u2192<\/a><\/p>\n\n\n\n<h3 class=\"wp-block-heading\">\u2668\ufe0f Sources chaudes de Taiwan (\u53f0\u7063\u6eab\u6cc9)<\/h3>\n\n\n\n<p>Ta\u00efwan est situ\u00e9e sur une zone volcanique active abritant plus de 100 sources thermales naturelles. D\u00e9couvrez la science qui se cache derri\u00e8re les sources g\u00e9othermales, des lieux de baignade r\u00e9put\u00e9s comme Beitou et les traditions de sant\u00e9 qui y sont associ\u00e9es.<\/p>\n\n\n\n<p><strong>Niveaux disponibles\u00a0:<\/strong> \ud83d\udcd7 Primaire | \ud83d\udcd8 Avanc\u00e9 \u2014 <a href=\"https:\/\/18kenglish.com\/fr\/apprentissage\/\">T\u00e9l\u00e9charger les feuilles de travail \u2192<\/a><\/p>\n\n\n\n<h3 class=\"wp-block-heading\">\ud83d\udc09 Festival des bateaux-dragons (\u7aef\u5348\u7bc0)<\/h3>\n\n\n\n<p>Tambours r\u00e9sonnant, pagaies fendant l&#039;eau, bateaux-dragons filant \u00e0 toute allure\u00a0: d\u00e9couvrez cette f\u00eate chinoise ancestrale, la l\u00e9gende de Qu Yuan et pourquoi on d\u00e9guste des zongzi (boulettes de riz) chaque ann\u00e9e en juin.<\/p>\n\n\n\n<p><strong>Niveaux disponibles\u00a0:<\/strong> \ud83d\udcd7 Primaire | \ud83d\udcd8 Avanc\u00e9 \u2014 <a href=\"https:\/\/18kenglish.com\/fr\/apprentissage\/\">T\u00e9l\u00e9charger les feuilles de travail \u2192<\/a><\/p>\n\n\n\n<h3 class=\"wp-block-heading\">\ud83c\udfee F\u00eate des Lanternes (\u5143\u5bb5\u7bc0)<\/h3>\n\n\n\n<p>Des milliers de lanternes illuminent le ciel nocturne. D\u00e9couvrez les traditions qui font du spectaculaire Festival des Lanternes de Ta\u00efwan, des lanternes c\u00e9lestes de Pingxi aux jeux d&#039;\u00e9nigmes qui le rendent si particulier.<\/p>\n\n\n\n<p><strong>Niveaux disponibles\u00a0:<\/strong> \ud83d\udcd7 Primaire | \ud83d\udcd8 Avanc\u00e9 \u2014 <a href=\"https:\/\/18kenglish.com\/fr\/apprentissage\/\">T\u00e9l\u00e9charger les feuilles de travail \u2192<\/a><\/p>\n\n\n\n<h3 class=\"wp-block-heading\">\ud83c\udf15 F\u00eate de la Lune (\u4e2d\u79cb\u7bc0)<\/h3>\n\n\n\n<p>G\u00e2teaux de lune, pomelos et la l\u00e9gende de Chang&#039;e. D\u00e9couvrez la F\u00eate de la Mi-Automne, f\u00eate ta\u00efwanaise si ch\u00e8re \u00e0 nos c\u0153urs\u00a0: un moment de retrouvailles familiales, de barbecues sous la pleine lune et l&#039;une des plus belles l\u00e9gendes de la culture chinoise.<\/p>\n\n\n\n<p><strong>Niveaux disponibles\u00a0:<\/strong> \ud83d\udcd7 Primaire | \ud83d\udcd8 Avanc\u00e9 \u2014 <a href=\"https:\/\/18kenglish.com\/fr\/apprentissage\/\">T\u00e9l\u00e9charger les feuilles de travail \u2192<\/a><\/p>\n\n\n\n<h3 class=\"wp-block-heading\">\u26e9\ufe0f Culture des temples (\u5bfa\u5edf\u6587\u5316)<\/h3>\n\n\n\n<p>Fum\u00e9e d&#039;encens, lanternes rouges et traditions s\u00e9culaires. D\u00e9couvrez comment les temples constituent le c\u0153ur spirituel et social des communaut\u00e9s ta\u00efwanaises, des p\u00e8lerinages de Mazu aux rituels de divination.<\/p>\n\n\n\n<p><strong>Niveaux disponibles\u00a0:<\/strong> \ud83d\udcd7 Primaire | \ud83d\udcd8 Avanc\u00e9 \u2014 <a href=\"https:\/\/18kenglish.com\/fr\/apprentissage\/\">T\u00e9l\u00e9charger les feuilles de travail \u2192<\/a><\/p>\n\n\n\n<h3 class=\"wp-block-heading\">\ud83c\udfad Peuples autochtones (\u539f\u4f4f\u6c11\u65cf)<\/h3>\n\n\n\n<p>D\u00e9couvrez les 16 tribus indig\u00e8nes officiellement reconnues de Ta\u00efwan. Apprenez-en davantage sur leurs langues, leurs traditions, leur musique et les efforts d\u00e9ploy\u00e9s pour pr\u00e9server des cultures ant\u00e9rieures de plusieurs milliers d&#039;ann\u00e9es \u00e0 la colonisation chinoise.<\/p>\n\n\n\n<p><strong>Niveaux disponibles\u00a0:<\/strong> \ud83d\udcd7 Primaire | \ud83d\udcd8 Avanc\u00e9 \u2014 <a href=\"https:\/\/18kenglish.com\/fr\/apprentissage\/\">T\u00e9l\u00e9charger les feuilles de travail \u2192<\/a><\/p>\n\n\n\n<h3 class=\"wp-block-heading\">\ud83d\ude87 Ta\u00efwan MRT (\u53f0\u7063\u6377\u904b)<\/h3>\n\n\n\n<p>Propre, efficace et toujours \u00e0 l&#039;heure\u00a0: le m\u00e9tro de Taipei est mondialement r\u00e9put\u00e9. D\u00e9couvrez comment ce r\u00e9seau a transform\u00e9 la vie urbaine \u00e0 Ta\u00efwan et est devenu un mod\u00e8le pour les transports publics dans le monde entier.<\/p>\n\n\n\n<p><strong>Niveaux disponibles\u00a0:<\/strong> \ud83d\udcd7 Primaire | \ud83d\udcd8 Avanc\u00e9 \u2014 <a href=\"https:\/\/18kenglish.com\/fr\/apprentissage\/\">T\u00e9l\u00e9charger les feuilles de travail \u2192<\/a><\/p>\n\n\n\n<h3 class=\"wp-block-heading\">\ud83c\udfd4\ufe0f Parcs nationaux (\u570b\u5bb6\u516c\u5712)<\/h3>\n\n\n\n<p>Des falaises de marbre des gorges de Taroko au sommet enneig\u00e9 du mont Yushan, explorez les magnifiques parcs nationaux de Ta\u00efwan. D\u00e9couvrez la diversit\u00e9 des \u00e9cosyst\u00e8mes qui composent cette petite \u00eele\u00a0: for\u00eats tropicales, prairies alpines et r\u00e9cifs coralliens.<\/p>\n\n\n\n<p><strong>Niveaux disponibles\u00a0:<\/strong> \ud83d\udcd7 Primaire | \ud83d\udcd8 Avanc\u00e9 \u2014 <a href=\"https:\/\/18kenglish.com\/fr\/apprentissage\/\">T\u00e9l\u00e9charger les feuilles de travail \u2192<\/a><\/p>\n\n\n\n<h3 class=\"wp-block-heading\">\ud83d\udc19 Animaux de l&#039;oc\u00e9an (\u6d77\u6d0b\u52d5\u7269)<\/h3>\n\n\n\n<p>Les eaux ta\u00efwanaises abritent une incroyable diversit\u00e9 d&#039;esp\u00e8ces marines. Des requins-baleines au large de Hualien aux tortues marines de Xiaoliuqiu, explorez la riche biodiversit\u00e9 oc\u00e9anique qui entoure cette \u00eele.<\/p>\n\n\n\n<p><strong>Niveaux disponibles\u00a0:<\/strong> \ud83d\udcd7 Primaire | \ud83d\udcd8 Avanc\u00e9 \u2014 <a href=\"https:\/\/18kenglish.com\/fr\/apprentissage\/\">T\u00e9l\u00e9charger les feuilles de travail \u2192<\/a><\/p>\n\n\n\n<h3 class=\"wp-block-heading\">\ud83c\udfea D\u00e9panneurs (\u4fbf\u5229\u5546\u5e97)<\/h3>\n\n\n\n<p>Ta\u00efwan compte plus de sup\u00e9rettes par habitant que presque partout ailleurs dans le monde. D\u00e9couvrez pourquoi 7-Eleven et FamilyMart sont bien plus que de simples magasins\u00a0: ce sont des lieux o\u00f9 la vie ta\u00efwanaise se d\u00e9roule 24\u00a0h\/24 et 7\u00a0j\/7.<\/p>\n\n\n\n<p><strong>Niveaux disponibles\u00a0:<\/strong> \ud83d\udcd7 Primaire | \ud83d\udcd8 Avanc\u00e9 \u2014 <a href=\"https:\/\/18kenglish.com\/fr\/apprentissage\/\">T\u00e9l\u00e9charger les feuilles de travail \u2192<\/a><\/p>\n\n\n\n<h3 class=\"wp-block-heading\">\u26be Baseball (\u68d2\u7403)<\/h3>\n\n\n\n<p>Le baseball, passion nationale \u00e0 Ta\u00efwan. De la CPBL aux tournois internationaux, d\u00e9couvrez comment ce sport est devenu le plus populaire de l&#039;\u00eele et pourquoi les supporters ta\u00efwanais sont r\u00e9put\u00e9s pour leur \u00e9nergie incroyable.<\/p>\n\n\n\n<p><strong>Niveaux disponibles\u00a0:<\/strong> \ud83d\udcd7 Primaire | \ud83d\udcd8 Avanc\u00e9 \u2014 <a href=\"https:\/\/18kenglish.com\/fr\/apprentissage\/\">T\u00e9l\u00e9charger les feuilles de travail \u2192<\/a><\/p>\n\n\n\n<h3 class=\"wp-block-heading\">\ud83c\udf0d Tremblements de terre (\u5730\u9707)<\/h3>\n\n\n\n<p>Situ\u00e9e sur la ceinture de feu du Pacifique, Ta\u00efwan subit des milliers de s\u00e9ismes chaque ann\u00e9e. D\u00e9couvrez les plaques tectoniques, les mesures de pr\u00e9vention sismique et comment Ta\u00efwan construit certaines des structures les plus r\u00e9sistantes aux s\u00e9ismes au monde.<\/p>\n\n\n\n<p><strong>Niveaux disponibles\u00a0:<\/strong> \ud83d\udcd7 Primaire | \ud83d\udcd8 Avanc\u00e9 \u2014 <a href=\"https:\/\/18kenglish.com\/fr\/apprentissage\/\">T\u00e9l\u00e9charger les feuilles de travail \u2192<\/a><\/p>\n\n\n\n<h3 class=\"wp-block-heading\">\ud83e\udd7e Randonn\u00e9e (\u5065\u884c)<\/h3>\n\n\n\n<p>Plus de 200 sommets de plus de 3\u00a0000 m\u00e8tres sur une \u00eele plus petite que la Suisse. D\u00e9couvrez les sentiers de randonn\u00e9e de renomm\u00e9e mondiale de Ta\u00efwan, des chemins faciles aux itin\u00e9raires alpins exigeants.<\/p>\n\n\n\n<p><strong>Niveaux disponibles\u00a0:<\/strong> \ud83d\udcd7 Primaire | \ud83d\udcd8 Avanc\u00e9 \u2014 <a href=\"https:\/\/18kenglish.com\/fr\/apprentissage\/\">T\u00e9l\u00e9charger les feuilles de travail \u2192<\/a><\/p>\n\n\n\n<h3 class=\"wp-block-heading\">\ud83c\udf00 Typhons (\u98b1\u98a8)<\/h3>\n\n\n\n<p>Chaque \u00e9t\u00e9, de puissants typhons d\u00e9ferlent sur Ta\u00efwan depuis le Pacifique. D\u00e9couvrez comment se forment ces temp\u00eates d\u00e9vastatrices, les syst\u00e8mes d&#039;alerte pr\u00e9coce de Ta\u00efwan et comment l&#039;\u00eele a appris \u00e0 vivre avec la fureur de la nature.<\/p>\n\n\n\n<p><strong>Niveaux disponibles\u00a0:<\/strong> \ud83d\udcd7 Primaire | \ud83d\udcd8 Avanc\u00e9 \u2014 <a href=\"https:\/\/18kenglish.com\/fr\/apprentissage\/\">T\u00e9l\u00e9charger les feuilles de travail \u2192<\/a><\/p>","protected":false},"excerpt":{"rendered":"<p>Welcome to the 18K English Reading Library (\u95b1\u8b80\u5716\u66f8\u9928)! Each topic includes graded reading passages with vocabulary, comprehension questions, and discussion prompts for ESL learners. &#x1f4d7; Elementary (\u521d\u7d1a) ~185-220 words | &#x1f4d8; Advanced (\u9032\u968e) 356 words &#x1f30d; World &#038; Science Topics (\u4e16\u754c\u8207\u79d1\u5b78) &#x1f988; Sharks (\u9bca\u9b5a) Dive into the world of sharks \u2014 ancient ocean predators that&#8230;<\/p>","protected":false},"author":1,"featured_media":0,"parent":0,"menu_order":0,"comment_status":"closed","ping_status":"closed","template":"","meta":{"_kad_blocks_custom_css":"","_kad_blocks_head_custom_js":"","_kad_blocks_body_custom_js":"","_kad_blocks_footer_custom_js":"","_kadence_starter_templates_imported_post":false,"_kad_post_transparent":"","_kad_post_title":"show","_kad_post_layout":"","_kad_post_sidebar_id":"","_kad_post_content_style":"","_kad_post_vertical_padding":"hide","_kad_post_feature":"","_kad_post_feature_position":"","_kad_post_header":false,"_kad_post_footer":false,"_kad_post_classname":"","footnotes":""},"class_list":["post-364","page","type-page","status-publish","hentry"],"taxonomy_info":[],"featured_image_src_large":false,"author_info":{"display_name":"admin","author_link":"https:\/\/18kenglish.com\/fr\/author\/admin\/"},"comment_info":0,"_links":{"self":[{"href":"https:\/\/18kenglish.com\/fr\/wp-json\/wp\/v2\/pages\/364","targetHints":{"allow":["GET"]}}],"collection":[{"href":"https:\/\/18kenglish.com\/fr\/wp-json\/wp\/v2\/pages"}],"about":[{"href":"https:\/\/18kenglish.com\/fr\/wp-json\/wp\/v2\/types\/page"}],"author":[{"embeddable":true,"href":"https:\/\/18kenglish.com\/fr\/wp-json\/wp\/v2\/users\/1"}],"replies":[{"embeddable":true,"href":"https:\/\/18kenglish.com\/fr\/wp-json\/wp\/v2\/comments?post=364"}],"version-history":[{"count":5,"href":"https:\/\/18kenglish.com\/fr\/wp-json\/wp\/v2\/pages\/364\/revisions"}],"predecessor-version":[{"id":2255,"href":"https:\/\/18kenglish.com\/fr\/wp-json\/wp\/v2\/pages\/364\/revisions\/2255"}],"wp:attachment":[{"href":"https:\/\/18kenglish.com\/fr\/wp-json\/wp\/v2\/media?parent=364"}],"curies":[{"name":"wp","href":"https:\/\/api.w.org\/{rel}","templated":true}]}}